{"id":17172,"date":"2025-01-15T18:27:21","date_gmt":"2025-01-15T12:57:21","guid":{"rendered":"https:\/\/hispanic-horizons.org\/?page_id=17172"},"modified":"2026-04-14T14:08:59","modified_gmt":"2026-04-14T08:38:59","slug":"programa-de-referidos-clases-de-espanol","status":"publish","type":"page","link":"https:\/\/hispanic-horizons.org\/es\/programa-de-referidos-clases-de-espanol\/","title":{"rendered":"Programa de referidos"},"content":{"rendered":"[et_pb_section fb_built=&#8221;1&#8243; admin_label=&#8221;About Us&#8221; _builder_version=&#8221;4.16&#8243; custom_margin=&#8221;-33px||||false|false&#8221; global_colors_info=&#8221;{}&#8221;][\/et_pb_section][et_pb_section fb_built=&#8221;1&#8243; admin_label=&#8221;Why Us&#8221; _builder_version=&#8221;4.16&#8243; min_height=&#8221;140.4px&#8221; custom_margin=&#8221;-192px||||false|false&#8221; locked=&#8221;off&#8221; global_colors_info=&#8221;{}&#8221;][\/et_pb_section][et_pb_section fb_built=&#8221;1&#8243; admin_label=&#8221;Why Us&#8221; _builder_version=&#8221;4.19.4&#8243; custom_margin=&#8221;39px||||false|false&#8221; locked=&#8221;off&#8221; global_colors_info=&#8221;{}&#8221;][et_pb_row _builder_version=&#8221;4.16&#8243; custom_margin=&#8221;-36px||||false|false&#8221; locked=&#8221;off&#8221; global_colors_info=&#8221;{}&#8221;][et_pb_column type=&#8221;4_4&#8243; _builder_version=&#8221;4.16&#8243; custom_padding=&#8221;|||&#8221; global_colors_info=&#8221;{}&#8221; custom_padding__hover=&#8221;|||&#8221;][et_pb_text _builder_version=&#8221;4.27.5&#8243; text_font=&#8221;|700|||||||&#8221; text_text_color=&#8221;rgba(0,0,0,0.02)&#8221; text_font_size=&#8221;59px&#8221; text_line_height=&#8221;0em&#8221; header_font=&#8221;||||||||&#8221; header_text_color=&#8221;gcid-primary-color&#8221; header_font_size=&#8221;40px&#8221; header_2_font=&#8221;||||||||&#8221; header_2_font_size=&#8221;42px&#8221; header_2_line_height=&#8221;1.3em&#8221; text_orientation=&#8221;center&#8221; custom_margin=&#8221;-5px||||false|false&#8221; text_font_size_tablet=&#8221;50px&#8221; text_font_size_phone=&#8221;30px&#8221; text_font_size_last_edited=&#8221;on|desktop&#8221; header_font_size_tablet=&#8221;40px&#8221; header_font_size_phone=&#8221;30px&#8221; header_font_size_last_edited=&#8221;on|desktop&#8221; header_2_font_size_tablet=&#8221;40px&#8221; header_2_font_size_phone=&#8221;30px&#8221; header_2_font_size_last_edited=&#8221;on|desktop&#8221; global_colors_info=&#8221;{%22gcid-primary-color%22:%91%22header_text_color%22%93}&#8221;]\n<p>REFERIDOS<\/p>\n<h1 style=\"text-align: left;\">PROGRAMA DE REFERIDOS<\/h1>\n[\/et_pb_text][\/et_pb_column][\/et_pb_row][et_pb_row _builder_version=&#8221;4.16&#8243; locked=&#8221;off&#8221; global_colors_info=&#8221;{}&#8221;][et_pb_column type=&#8221;4_4&#8243; _builder_version=&#8221;4.16&#8243; custom_padding=&#8221;|||&#8221; global_colors_info=&#8221;{}&#8221; custom_padding__hover=&#8221;|||&#8221;][et_pb_blurb title=&#8221;\u00a1Recomienda a un nuevo estudiante y gana una comisi\u00f3n!&#8221; icon_placement=&#8221;left&#8221; content_max_width=&#8221;1100px&#8221; image_icon_width_last_edited=&#8221;off|desktop&#8221; _builder_version=&#8221;4.27.4&#8243; header_level=&#8221;h2&#8243; header_font=&#8221;|600|||||||&#8221; header_text_color=&#8221;#000000&#8243; header_font_size=&#8221;28px&#8221; header_line_height=&#8221;1.6em&#8221; body_font=&#8221;||||||||&#8221; body_font_size=&#8221;15px&#8221; body_line_height=&#8221;2em&#8221; header_font_size_tablet=&#8221;&#8221; header_font_size_phone=&#8221;15px&#8221; header_font_size_last_edited=&#8221;on|phone&#8221; body_line_height_tablet=&#8221;&#8221; body_line_height_phone=&#8221;1.6em&#8221; body_line_height_last_edited=&#8221;on|phone&#8221; image_max_width_phone=&#8221;50px&#8221; image_max_width_last_edited=&#8221;off|desktop&#8221; global_colors_info=&#8221;{}&#8221;]\n<p><span style=\"font-size: large;\">Recomienda a un nuevo estudiante a nuestro instituto y gana una comisi\u00f3n una vez que se registre y comience su curso.\u00a0<\/span><\/p>\n<p><span style=\"font-size: large;\">En <strong>Hispanic Horizons, Spanish Language Institute<\/strong>, valoramos tu apoyo y confianza en nosotros. Para mostrar nuestro agradecimiento, tenemos nuestro porgrama de referisos.<\/span><\/p>\n<p><span style=\"font-size: large;\"><strong>\u00bfC\u00f3mo funciona? \u2753<\/strong><\/span><\/p>\n<ol>\n<li><span style=\"font-size: large;\"><strong>Recomienda a un nuevo estudiante:<\/strong> Comparte tu experiencia positiva en Hispanic Horizons con amigos, familiares o colegas interesados en aprender espa\u00f1ol.<\/span><\/li>\n<li><span style=\"font-size: large;\"><strong>El nuevo estudiante se registra:<\/strong> Una vez que el estudiante recomendado se registre en un curso y comience sus clases, ser\u00e1s elegible para la recompensa por recomendaci\u00f3n.<\/span><\/li>\n<li><span style=\"font-size: large;\"><strong>Recibe tu recompensa:<\/strong> Obt\u00e9n el 5% del costo del curso como recompensa por cada nuevo estudiante que recomiendes.<\/span><\/li>\n<\/ol>\n<p><span style=\"font-size: large;\"><strong>Pasos para participar: \ud83e\ude9c<\/strong><\/span><\/p>\n<ol>\n<li><span style=\"font-size: large;\">Completa el formulario del Programa de Recomendaci\u00f3n con los datos necesarios.<\/span><\/li>\n<li><span style=\"font-size: large;\">Aseg\u00farate de proporcionar informaci\u00f3n precisa en el formulario sobre ti y el nuevo estudiante que est\u00e1s recomendando.<\/span><\/li>\n<li><span style=\"font-size: large;\">Una vez que el estudiante recomendado comience su curso, procesaremos tu recompensa por recomendaci\u00f3n.<\/span><\/li>\n<\/ol>\n<p><span style=\"font-size: large;\"><strong>T\u00e9rminos y condiciones: \u2705<\/strong><\/span><\/p>\n<ul>\n<li><span style=\"font-size: large;\">La recompensa por recomendaci\u00f3n solo aplica a nuevos estudiantes que se registren y comiencen un curso de espa\u00f1ol en Hispanic Horizons.<\/span><\/li>\n<li><span style=\"font-size: large;\">El monto de la recompensa es el 5% del costo del curso del estudiante recomendado.<\/span><\/li>\n<li><span style=\"font-size: large;\">La recompensa por recomendaci\u00f3n se procesar\u00e1 una vez que el estudiante recomendado comience su curso.<\/span><\/li>\n<li><span style=\"font-size: large;\">Debes proporcionar informaci\u00f3n precisa y completa para recibir la recompensa por recomendaci\u00f3n.<\/span><\/li>\n<\/ul>\n<p><span style=\"font-size: large;\"><strong>Cont\u00e1ctanos: \ud83d\udce7\ud83d\udcde\ud83d\udcac<\/strong><\/span><br \/>\n<span style=\"font-size: large;\">Si tienes preguntas o necesitas m\u00e1s ayuda, no dudes en contactarnos al correo <strong><a rel=\"noopener\">info@hispanic-horizons.org<\/a><\/strong>\u00a0o llamarnos al <strong>+918082647938 \/ +919769379739<\/strong>.<\/span><\/p>\n[\/et_pb_blurb][et_pb_button button_url=&#8221;https:\/\/form.jotform.com\/220163473471451&#8243; url_new_window=&#8221;on&#8221; button_text=&#8221;Ap\u00fantate a uno de nuestros cursos &#8221; button_alignment=&#8221;center&#8221; _builder_version=&#8221;4.16&#8243; custom_button=&#8221;on&#8221; button_text_color=&#8221;#ffffff&#8221; button_bg_color=&#8221;#b62537&#8243; button_border_width=&#8221;3px&#8221; button_border_radius=&#8221;25px&#8221; button_font=&#8221;|700|||||||&#8221; custom_margin=&#8221;-6px||||false|false&#8221; animation_style=&#8221;zoom&#8221; locked=&#8221;off&#8221; global_colors_info=&#8221;{}&#8221;][\/et_pb_button][\/et_pb_column][\/et_pb_row][\/et_pb_section][et_pb_section fb_built=&#8221;1&#8243; _builder_version=&#8221;4.16&#8243; global_colors_info=&#8221;{}&#8221;][\/et_pb_section][et_pb_section fb_built=&#8221;1&#8243; admin_label=&#8221;Testimonials&#8221; _builder_version=&#8221;4.16&#8243; custom_margin=&#8221;-234px||-71px||false|false&#8221; locked=&#8221;off&#8221; global_colors_info=&#8221;{}&#8221;][et_pb_row _builder_version=&#8221;4.16&#8243; custom_margin=&#8221;77px||||false|false&#8221; global_colors_info=&#8221;{}&#8221;][et_pb_column type=&#8221;4_4&#8243; _builder_version=&#8221;4.16&#8243; custom_padding=&#8221;|||&#8221; global_colors_info=&#8221;{}&#8221; custom_padding__hover=&#8221;|||&#8221;][et_pb_text _builder_version=&#8221;4.16&#8243; text_font=&#8221;EB Garamond|700|||||||&#8221; text_text_color=&#8221;rgba(0,0,0,0.02)&#8221; text_font_size=&#8221;80px&#8221; text_line_height=&#8221;0em&#8221; header_2_font=&#8221;EB Garamond||||||||&#8221; header_2_font_size=&#8221;50px&#8221; header_2_line_height=&#8221;1.3em&#8221; text_orientation=&#8221;center&#8221; custom_margin=&#8221;-55px||||false|false&#8221; text_font_size_tablet=&#8221;50px&#8221; text_font_size_phone=&#8221;30px&#8221; text_font_size_last_edited=&#8221;on|desktop&#8221; header_2_font_size_tablet=&#8221;40px&#8221; header_2_font_size_phone=&#8221;30px&#8221; header_2_font_size_last_edited=&#8221;on|phone&#8221; global_colors_info=&#8221;{}&#8221;]\n<p>TESTIMONIOS<\/p>\n<h2>Opiniones de nuestros estudiantes<\/h2>\n[\/et_pb_text][et_pb_code _builder_version=&#8221;4.19.2&#8243; _module_preset=&#8221;default&#8221; global_colors_info=&#8221;{}&#8221;]\n<div id=\"wid_1670388915773\"><\/div>\n<p><script>    sc = document.createElement(\"script\");    sc.setAttribute(\"defer\",true);    sc.setAttribute(\"src\",\"https:\/\/dbwx2z9xa7qt9.cloudfront.net\/bundle.js?cachebust=1670388915773\");    sc.setAttribute(\"theme\",\"light\");    sc.setAttribute(\"footer\", false);    sc.setAttribute(\"widget-type\",\"carousel\");    sc.setAttribute(\"token\",\"638f6e169dcfafc4c4f67ca7\");    sc.setAttribute('apiurl', \"https:\/\/server.recensioni.io\/api\/v0.0.9\");    sc.setAttribute('stats',\"true\");    sc.setAttribute('addReview',\"false\");    sc.setAttribute('profile-pic',\"true\");    sc.setAttribute('review-name',\"true\");    sc.setAttribute('wl', \"false\");    sc.setAttribute('wlndig', \"https:\/\/go.climbo.com\/hispanic-horizons\");    document.getElementById(\"wid_1670388915773\").appendChild(sc);<\/script>[\/et_pb_code][dsm_block_reveal_text block_reveal_text=&#8221;Acreditaciones y Asociaciones&#8221; _builder_version=&#8221;4.27.5&#8243; _module_preset=&#8221;default&#8221; header_text_align=&#8221;center&#8221; header_text_color=&#8221;gcid-primary-color&#8221; custom_margin=&#8221;10px||||false|false&#8221; custom_padding=&#8221;20px||0px||false|false&#8221; global_colors_info=&#8221;{%22gcid-primary-color%22:%91%22header_text_color%22%93}&#8221;][\/dsm_block_reveal_text][\/et_pb_column][\/et_pb_row][et_pb_row column_structure=&#8221;1_6,1_6,1_6,1_6,1_6,1_6&#8243; _builder_version=&#8221;4.16&#8243; transform_scale=&#8221;80%|80%&#8221; locked=&#8221;off&#8221; global_colors_info=&#8221;{}&#8221;][et_pb_column type=&#8221;1_6&#8243; _builder_version=&#8221;4.16&#8243; global_colors_info=&#8221;{}&#8221;][et_pb_image src=&#8221;https:\/\/hispanic-horizons.org\/wp-content\/uploads\/2020\/02\/Acredita1.jpg&#8221; alt=&#8221;Instituto Cervantes Accredited Center&#8221; title_text=&#8221;Instituto Cervantes Accredited Centre&#8221; url=&#8221;https:\/\/acreditacion.cervantes.es\/centros_mundo.htm&#8221; url_new_window=&#8221;on&#8221; force_fullwidth=&#8221;on&#8221; _builder_version=&#8221;4.16&#8243; transform_scale=&#8221;102%|102%&#8221; custom_margin=&#8221;8px||||false|false&#8221; global_colors_info=&#8221;{}&#8221;][\/et_pb_image][\/et_pb_column][et_pb_column type=&#8221;1_6&#8243; _builder_version=&#8221;4.16&#8243; global_colors_info=&#8221;{}&#8221;][et_pb_image src=&#8221;https:\/\/hispanic-horizons.org\/wp-content\/uploads\/2022\/01\/dele-new.png&#8221; alt=&#8221;Logo DELE Exams&#8221; title_text=&#8221;dele new&#8221; url=&#8221;https:\/\/examenes.cervantes.es\/es&#8221; url_new_window=&#8221;on&#8221; force_fullwidth=&#8221;on&#8221; _builder_version=&#8221;4.16&#8243; transform_scale=&#8221;132%|132%&#8221; custom_margin=&#8221;26px||||false|false&#8221; global_colors_info=&#8221;{}&#8221;][\/et_pb_image][\/et_pb_column][et_pb_column type=&#8221;1_6&#8243; _builder_version=&#8221;4.16&#8243; global_colors_info=&#8221;{}&#8221;][et_pb_image src=&#8221;https:\/\/hispanic-horizons.org\/wp-content\/uploads\/2022\/01\/siele.png&#8221; alt=&#8221;Siele&#8221; title_text=&#8221;siele,&#8221; url=&#8221;https:\/\/siele.org&#8221; url_new_window=&#8221;on&#8221; force_fullwidth=&#8221;on&#8221; _builder_version=&#8221;4.16&#8243; global_colors_info=&#8221;{}&#8221;][\/et_pb_image][\/et_pb_column][et_pb_column type=&#8221;1_6&#8243; _builder_version=&#8221;4.16&#8243; global_colors_info=&#8221;{}&#8221;][et_pb_image src=&#8221;https:\/\/hispanic-horizons.org\/wp-content\/uploads\/2022\/01\/Logo-FEDELE-Partner-School.png&#8221; title_text=&#8221;Logo-FEDELE-Partner-School&#8221; url=&#8221;https:\/\/fedele.org\/sistema-de-centros-internacionales\/&#8221; url_new_window=&#8221;on&#8221; _builder_version=&#8221;4.16&#8243; _module_preset=&#8221;default&#8221; global_colors_info=&#8221;{}&#8221;][\/et_pb_image][\/et_pb_column][et_pb_column type=&#8221;1_6&#8243; _builder_version=&#8221;4.16&#8243; global_colors_info=&#8221;{}&#8221;][et_pb_image src=&#8221;https:\/\/hispanic-horizons.org\/wp-content\/uploads\/2020\/02\/scamarae.png&#8221; alt=&#8221;Logo Chamber of Commerce Madrid&#8221; title_text=&#8221;scamarae&#8221; url=&#8221;https:\/\/www.camaramadrid.es\/formacion&#8221; url_new_window=&#8221;on&#8221; force_fullwidth=&#8221;on&#8221; _builder_version=&#8221;4.16&#8243; transform_scale=&#8221;94%|94%&#8221; custom_margin=&#8221;||-7px||false|false&#8221; global_colors_info=&#8221;{}&#8221;][\/et_pb_image][\/et_pb_column][et_pb_column type=&#8221;1_6&#8243; _builder_version=&#8221;4.16&#8243; global_colors_info=&#8221;{}&#8221;][et_pb_image src=&#8221;https:\/\/hispanic-horizons.org\/wp-content\/uploads\/2020\/02\/fidescu.png&#8221; alt=&#8221;FIDESCU Logo&#8221; title_text=&#8221;fidescu&#8221; url=&#8221;https:\/\/www.fidescu.org&#8221; url_new_window=&#8221;on&#8221; force_fullwidth=&#8221;on&#8221; _builder_version=&#8221;4.16&#8243; transform_scale=&#8221;108%|108%&#8221; global_colors_info=&#8221;{}&#8221;][\/et_pb_image][\/et_pb_column][\/et_pb_row][\/et_pb_section][et_pb_section fb_built=&#8221;1&#8243; fullwidth=&#8221;on&#8221; admin_label=&#8221;Footer&#8221; _builder_version=&#8221;4.16&#8243; custom_margin=&#8221;-107px||||false|false&#8221; locked=&#8221;off&#8221; global_colors_info=&#8221;{}&#8221;][et_pb_fullwidth_header title=&#8221;\u00a1Reg\u00edstrate en un curso hoy!&#8221; text_orientation=&#8221;center&#8221; button_one_text=&#8221;Ver cursos &#8221; button_one_url=&#8221;https:\/\/hispanic-horizons.org\/es\/cursos-de-espanol\/&#8221; button_two_text=&#8221;Cont\u00e1ctanos &#8221; button_two_url=&#8221;https:\/\/hispanic-horizons.org\/es\/contacta-hispanic-horizons-hoy\/&#8221; content_max_width_phone=&#8221;580px&#8221; content_max_width_last_edited=&#8221;off|desktop&#8221; _builder_version=&#8221;4.27.6&#8243; title_level=&#8221;h2&#8243; title_font=&#8221;||||||||&#8221; title_font_size=&#8221;50px&#8221; title_line_height=&#8221;1.3em&#8221; content_font=&#8221;||||||||&#8221; content_font_size=&#8221;18px&#8221; content_line_height=&#8221;2em&#8221; background_color=&#8221;#ffffff&#8221; background_enable_image=&#8221;off&#8221; background_position=&#8221;bottom_center&#8221; custom_button_one=&#8221;on&#8221; button_one_text_size=&#8221;16px&#8221; button_one_text_color=&#8221;#ffffff&#8221; button_one_bg_color=&#8221;#b62537&#8243; button_one_border_width=&#8221;10px&#8221; button_one_border_color=&#8221;rgba(0,0,0,0)&#8221; button_one_border_radius=&#8221;100px&#8221; button_one_letter_spacing=&#8221;1px&#8221; button_one_font=&#8221;|700||on|||||&#8221; custom_button_two=&#8221;on&#8221; button_two_text_size=&#8221;16px&#8221; button_two_text_color=&#8221;#ffffff&#8221; button_two_bg_color=&#8221;#3cb3b3&#8243; button_two_border_width=&#8221;10px&#8221; button_two_border_color=&#8221;rgba(0,0,0,0)&#8221; button_two_border_radius=&#8221;100px&#8221; button_two_letter_spacing=&#8221;1px&#8221; button_two_font=&#8221;|700||on|||||&#8221; background_layout=&#8221;light&#8221; min_height=&#8221;378px&#8221; custom_margin=&#8221;37px||||false|false&#8221; custom_padding=&#8221;100px||66px||false|&#8221; custom_padding_tablet=&#8221;&#8221; custom_padding_phone=&#8221;20px||20px||true&#8221; custom_padding_last_edited=&#8221;on|phone&#8221; link_option_url_new_window=&#8221;on&#8221; title_font_size_tablet=&#8221;40px&#8221; title_font_size_phone=&#8221;30px&#8221; title_font_size_last_edited=&#8221;on|phone&#8221; content_font_size_tablet=&#8221;&#8221; content_font_size_phone=&#8221;15px&#8221; content_font_size_last_edited=&#8221;on|phone&#8221; box_shadow_style_button_one=&#8221;preset1&#8243; box_shadow_vertical_button_one=&#8221;10px&#8221; box_shadow_blur_button_one=&#8221;30px&#8221; box_shadow_color_button_one=&#8221;rgba(255,0,8,0.24)&#8221; box_shadow_style_button_two=&#8221;preset1&#8243; box_shadow_vertical_button_two=&#8221;10px&#8221; box_shadow_blur_button_two=&#8221;30px&#8221; box_shadow_color_button_two=&#8221;rgba(60,190,190,0.24)&#8221; button_one_letter_spacing_hover=&#8221;1px&#8221; button_two_letter_spacing_hover=&#8221;1px&#8221; global_colors_info=&#8221;{}&#8221; button_one_text_size__hover_enabled=&#8221;off&#8221; button_two_text_size__hover_enabled=&#8221;off&#8221; button_one_text_color__hover_enabled=&#8221;off&#8221; button_two_text_color__hover_enabled=&#8221;off&#8221; button_one_border_width__hover_enabled=&#8221;off&#8221; button_two_border_width__hover_enabled=&#8221;off&#8221; button_one_border_color__hover_enabled=&#8221;off&#8221; button_two_border_color__hover_enabled=&#8221;off&#8221; button_one_border_radius__hover_enabled=&#8221;off&#8221; button_two_border_radius__hover_enabled=&#8221;off&#8221; button_one_letter_spacing__hover_enabled=&#8221;on&#8221; button_one_letter_spacing__hover=&#8221;1px&#8221; button_two_letter_spacing__hover_enabled=&#8221;on&#8221; button_two_letter_spacing__hover=&#8221;1px&#8221; button_one_bg_color__hover_enabled=&#8221;off&#8221; button_two_bg_color__hover_enabled=&#8221;off&#8221;]\n<p>Elige el curso de espa\u00f1ol m\u00e1s adecuado para ti, y cambia tu futuro<\/p>\n[\/et_pb_fullwidth_header][\/et_pb_section]\n","protected":false},"excerpt":{"rendered":"<p>REFERIDOS PROGRAMA DE REFERIDOS Recomienda a un nuevo estudiante a nuestro instituto y gana una comisi\u00f3n una vez que se registre y comience su curso.\u00a0 En Hispanic Horizons, Spanish Language Institute, valoramos tu apoyo y confianza en nosotros. Para mostrar nuestro agradecimiento, tenemos nuestro porgrama de referisos. \u00bfC\u00f3mo funciona? \u2753 Recomienda a un nuevo estudiante: Comparte tu experiencia positiva en Hispanic Horizons con amigos, familiares o colegas interesados en aprender espa\u00f1ol. El nuevo estudiante se registra: Una vez que el estudiante recomendado se registre en un curso y comience sus clases, ser\u00e1s elegible para la recompensa por recomendaci\u00f3n. Recibe tu recompensa: Obt\u00e9n el 5% del costo del curso como recompensa por cada nuevo estudiante que recomiendes. Pasos para participar: \ud83e\ude9c Completa el formulario del Programa de Recomendaci\u00f3n con los datos necesarios. Aseg\u00farate de proporcionar informaci\u00f3n precisa en el formulario sobre ti y el nuevo estudiante que est\u00e1s recomendando. Una vez que el estudiante recomendado comience su curso, procesaremos tu recompensa por recomendaci\u00f3n. T\u00e9rminos y condiciones: \u2705 La recompensa por recomendaci\u00f3n solo aplica a nuevos estudiantes que se registren y comiencen un curso de espa\u00f1ol en Hispanic Horizons. El monto de la recompensa es el 5% del costo del curso del [&hellip;]<\/p>\n","protected":false},"author":1,"featured_media":0,"parent":0,"menu_order":0,"comment_status":"closed","ping_status":"closed","template":"","meta":{"_et_pb_use_builder":"on","_et_pb_old_content":"","_et_gb_content_width":"","_monsterinsights_skip_tracking":false,"_monsterinsights_sitenote_active":false,"_monsterinsights_sitenote_note":"","_monsterinsights_sitenote_category":0,"_joinchat":[],"footnotes":""},"yst_prominent_words":[],"class_list":["post-17172","page","type-page","status-publish","hentry"],"_links":{"self":[{"href":"https:\/\/hispanic-horizons.org\/es\/wp-json\/wp\/v2\/pages\/17172","targetHints":{"allow":["GET"]}}],"collection":[{"href":"https:\/\/hispanic-horizons.org\/es\/wp-json\/wp\/v2\/pages"}],"about":[{"href":"https:\/\/hispanic-horizons.org\/es\/wp-json\/wp\/v2\/types\/page"}],"author":[{"embeddable":true,"href":"https:\/\/hispanic-horizons.org\/es\/wp-json\/wp\/v2\/users\/1"}],"replies":[{"embeddable":true,"href":"https:\/\/hispanic-horizons.org\/es\/wp-json\/wp\/v2\/comments?post=17172"}],"version-history":[{"count":4,"href":"https:\/\/hispanic-horizons.org\/es\/wp-json\/wp\/v2\/pages\/17172\/revisions"}],"predecessor-version":[{"id":21988,"href":"https:\/\/hispanic-horizons.org\/es\/wp-json\/wp\/v2\/pages\/17172\/revisions\/21988"}],"wp:attachment":[{"href":"https:\/\/hispanic-horizons.org\/es\/wp-json\/wp\/v2\/media?parent=17172"}],"wp:term":[{"taxonomy":"yst_prominent_words","embeddable":true,"href":"https:\/\/hispanic-horizons.org\/es\/wp-json\/wp\/v2\/yst_prominent_words?post=17172"}],"curies":[{"name":"wp","href":"https:\/\/api.w.org\/{rel}","templated":true}]}}