{"id":7425,"date":"2022-02-01T09:28:54","date_gmt":"2022-02-01T03:58:54","guid":{"rendered":"https:\/\/hispanic-horizons.org\/?page_id=7425"},"modified":"2026-04-07T16:02:18","modified_gmt":"2026-04-07T10:32:18","slug":"cancelaciones-y-reembolsos","status":"publish","type":"page","link":"https:\/\/hispanic-horizons.org\/es\/cancelaciones-y-reembolsos\/","title":{"rendered":"Cancelaciones y Reembolsos"},"content":{"rendered":"[et_pb_section fb_built=&#8221;1&#8243; _builder_version=&#8221;4.16&#8243; _module_preset=&#8221;default&#8221; global_colors_info=&#8221;{}&#8221;][et_pb_row _builder_version=&#8221;4.16&#8243; _module_preset=&#8221;default&#8221; global_colors_info=&#8221;{}&#8221;][et_pb_column type=&#8221;4_4&#8243; _builder_version=&#8221;4.16&#8243; _module_preset=&#8221;default&#8221; global_colors_info=&#8221;{}&#8221;][et_pb_text _builder_version=&#8221;4.16&#8243; _module_preset=&#8221;default&#8221; global_colors_info=&#8221;{}&#8221;]\n<h4 class=\"tw-data-text tw-text-large tw-ta\" data-placeholder=\"Traducci\u00f3n\" id=\"tw-target-text\" dir=\"ltr\"><span class=\"Y2IQFc\" lang=\"es\">Cancelaciones y Reembolsos <\/span><\/h4>\n<p class=\"tw-data-text tw-text-large tw-ta\" data-placeholder=\"Traducci\u00f3n\" dir=\"ltr\"><span class=\"Y2IQFc\" lang=\"es\">No ofrecemos reembolsos, a menos que Hispanic Horizons cancele la clase debido a un n\u00famero insuficiente de estudiantes. <\/span><\/p>\n<p class=\"tw-data-text tw-text-large tw-ta\" data-placeholder=\"Traducci\u00f3n\" dir=\"ltr\"><span class=\"Y2IQFc\" lang=\"es\">No se otorgar\u00e1n reembolsos a los estudiantes que abandonen los cursos prematuramente, independientemente de las razones. <\/span><\/p>\n<p class=\"tw-data-text tw-text-large tw-ta\" data-placeholder=\"Traducci\u00f3n\" dir=\"ltr\"><span class=\"Y2IQFc\" lang=\"es\">Si desea solicitar un reembolso, no dude en contactarnos para estudiar su caso. <\/span><\/p>\n<p class=\"tw-data-text tw-text-large tw-ta\" data-placeholder=\"Traducci\u00f3n\" dir=\"ltr\"><span class=\"Y2IQFc\" lang=\"es\">Todos los reembolsos se realizar\u00e1n dentro de los 7 d\u00edas h\u00e1biles posteriores a la peticion de reembolso por escrito.<\/span><\/p>\n[\/et_pb_text][\/et_pb_column][\/et_pb_row][\/et_pb_section]\n","protected":false},"excerpt":{"rendered":"<p>Cancelaciones y Reembolsos No ofrecemos reembolsos, a menos que Hispanic Horizons cancele la clase debido a un n\u00famero insuficiente de estudiantes. No se otorgar\u00e1n reembolsos a los estudiantes que abandonen los cursos prematuramente, independientemente de las razones. Si desea solicitar un reembolso, no dude en contactarnos para estudiar su caso. Todos los reembolsos se realizar\u00e1n dentro de los 7 d\u00edas h\u00e1biles posteriores a la peticion de reembolso por escrito.<\/p>\n","protected":false},"author":1,"featured_media":0,"parent":0,"menu_order":0,"comment_status":"closed","ping_status":"closed","template":"","meta":{"_et_pb_use_builder":"on","_et_pb_old_content":"","_et_gb_content_width":"","_monsterinsights_skip_tracking":false,"_monsterinsights_sitenote_active":false,"_monsterinsights_sitenote_note":"","_monsterinsights_sitenote_category":0,"_joinchat":[],"footnotes":""},"yst_prominent_words":[411],"class_list":["post-7425","page","type-page","status-publish","hentry"],"_links":{"self":[{"href":"https:\/\/hispanic-horizons.org\/es\/wp-json\/wp\/v2\/pages\/7425","targetHints":{"allow":["GET"]}}],"collection":[{"href":"https:\/\/hispanic-horizons.org\/es\/wp-json\/wp\/v2\/pages"}],"about":[{"href":"https:\/\/hispanic-horizons.org\/es\/wp-json\/wp\/v2\/types\/page"}],"author":[{"embeddable":true,"href":"https:\/\/hispanic-horizons.org\/es\/wp-json\/wp\/v2\/users\/1"}],"replies":[{"embeddable":true,"href":"https:\/\/hispanic-horizons.org\/es\/wp-json\/wp\/v2\/comments?post=7425"}],"version-history":[{"count":1,"href":"https:\/\/hispanic-horizons.org\/es\/wp-json\/wp\/v2\/pages\/7425\/revisions"}],"predecessor-version":[{"id":21961,"href":"https:\/\/hispanic-horizons.org\/es\/wp-json\/wp\/v2\/pages\/7425\/revisions\/21961"}],"wp:attachment":[{"href":"https:\/\/hispanic-horizons.org\/es\/wp-json\/wp\/v2\/media?parent=7425"}],"wp:term":[{"taxonomy":"yst_prominent_words","embeddable":true,"href":"https:\/\/hispanic-horizons.org\/es\/wp-json\/wp\/v2\/yst_prominent_words?post=7425"}],"curies":[{"name":"wp","href":"https:\/\/api.w.org\/{rel}","templated":true}]}}