{"id":7510,"date":"2022-02-01T13:16:46","date_gmt":"2022-02-01T07:46:46","guid":{"rendered":"https:\/\/hispanic-horizons.org\/?page_id=7510"},"modified":"2026-04-07T16:04:30","modified_gmt":"2026-04-07T10:34:30","slug":"terminos-y-condiciones","status":"publish","type":"page","link":"https:\/\/hispanic-horizons.org\/es\/terminos-y-condiciones\/","title":{"rendered":"T\u00e9rminos y Condiciones"},"content":{"rendered":"[et_pb_section fb_built=&#8221;1&#8243; theme_builder_area=&#8221;post_content&#8221; _builder_version=&#8221;4.14.7&#8243; _module_preset=&#8221;default&#8221;][et_pb_row _builder_version=&#8221;4.14.7&#8243; _module_preset=&#8221;default&#8221; theme_builder_area=&#8221;post_content&#8221;][et_pb_column _builder_version=&#8221;4.14.7&#8243; _module_preset=&#8221;default&#8221; type=&#8221;4_4&#8243; theme_builder_area=&#8221;post_content&#8221;][et_pb_text _builder_version=&#8221;4.14.7&#8243; _module_preset=&#8221;default&#8221; theme_builder_area=&#8221;post_content&#8221; hover_enabled=&#8221;0&#8243; sticky_enabled=&#8221;0&#8243;]\n<h4 class=\"tw-data-text tw-text-large tw-ta\" dir=\"ltr\" data-placeholder=\"Traducci\u00f3n\">Te\u0301rminos y Condiciones<\/h4>\n<p id=\"tw-target-text\" class=\"tw-data-text tw-text-large tw-ta\" dir=\"ltr\" data-placeholder=\"Traducci\u00f3n\"><span class=\"Y2IQFc\" lang=\"es\">Bienvenido a Hispanic Horizons. <\/span><span class=\"Y2IQFc\" lang=\"es\">Si contin\u00faa navegando y utilizando este sitio web, acepta cumplir y estar sujeto a los siguientes t\u00e9rminos y condiciones de uso, que, junto con nuestra pol\u00edtica de privacidad rigen la relaci\u00f3n de Hispanic Horizons con usted en relaci\u00f3n con este sitio web. El t\u00e9rmino Hispanic Horizons o &#8216;nosotros&#8217; se refiere al propietario del sitio web. El t\u00e9rmino &#8216;usted&#8217; se refiere al usuario o visitante de nuestro sitio web. <\/span><\/p>\n<p class=\"tw-data-text tw-text-large tw-ta\" dir=\"ltr\" data-placeholder=\"Traducci\u00f3n\"><span class=\"Y2IQFc\" lang=\"es\">El uso de este sitio web est\u00e1 sujeto a los siguientes t\u00e9rminos de uso: <\/span><\/p>\n<p class=\"tw-data-text tw-text-large tw-ta\" dir=\"ltr\" data-placeholder=\"Traducci\u00f3n\"><span class=\"Y2IQFc\" lang=\"es\">-El contenido de las p\u00e1ginas de este sitio web es solo para su informaci\u00f3n general y uso. Est\u00e1 sujeto a cambios sin previo aviso. <\/span><\/p>\n<p class=\"tw-data-text tw-text-large tw-ta\" dir=\"ltr\" data-placeholder=\"Traducci\u00f3n\"><span class=\"Y2IQFc\" lang=\"es\">-Es su responsabilidad asegurarse de que cualquier producto, servicio o informaci\u00f3n disponible a trav\u00e9s de este sitio web cumpla con sus requisitos espec\u00edficos. <\/span><\/p>\n<p class=\"tw-data-text tw-text-large tw-ta\" dir=\"ltr\" data-placeholder=\"Traducci\u00f3n\"><span class=\"Y2IQFc\" lang=\"es\">-Este sitio web contiene material que es de nuestra propiedad. Este material incluye, pero no se limita a, el dise\u00f1o, la presentaci\u00f3n, el aspecto, la apariencia y los gr\u00e1ficos. La reproducci\u00f3n est\u00e1 prohibida excepto de acuerdo con el aviso de derechos de autor, que forma parte de estos t\u00e9rminos y condiciones. <\/span><\/p>\n<p class=\"tw-data-text tw-text-large tw-ta\" dir=\"ltr\" data-placeholder=\"Traducci\u00f3n\"><span class=\"Y2IQFc\" lang=\"es\">-El uso no autorizado de este sitio web puede dar lugar a una reclamaci\u00f3n por da\u00f1os y perjuicios y\/o ser un delito penal. <\/span><\/p>\n<p class=\"tw-data-text tw-text-large tw-ta\" dir=\"ltr\" data-placeholder=\"Traducci\u00f3n\"><span class=\"Y2IQFc\" lang=\"es\">-De vez en cuando, este sitio web puede incluir enlaces a otros sitios web. Estos enlaces se proporcionan para su conveniencia para darle m\u00e1s informaci\u00f3n. \u00a0No tenemos ninguna responsabilidad por el contenido de los sitios web vinculados.<\/span><\/p>\n[\/et_pb_text][\/et_pb_column][\/et_pb_row][\/et_pb_section]\n","protected":false},"excerpt":{"rendered":"<p>[et_pb_section fb_built=&#8221;1&#8243; theme_builder_area=&#8221;post_content&#8221; _builder_version=&#8221;4.14.7&#8243; _module_preset=&#8221;default&#8221;][et_pb_row _builder_version=&#8221;4.14.7&#8243; _module_preset=&#8221;default&#8221; theme_builder_area=&#8221;post_content&#8221;][et_pb_column _builder_version=&#8221;4.14.7&#8243; _module_preset=&#8221;default&#8221; type=&#8221;4_4&#8243; theme_builder_area=&#8221;post_content&#8221;][et_pb_text _builder_version=&#8221;4.14.7&#8243; _module_preset=&#8221;default&#8221; theme_builder_area=&#8221;post_content&#8221; hover_enabled=&#8221;0&#8243; sticky_enabled=&#8221;0&#8243;] Te\u0301rminos y Condiciones Bienvenido a Hispanic Horizons. Si contin\u00faa navegando y utilizando este sitio web, acepta cumplir y estar sujeto a los siguientes t\u00e9rminos y condiciones de uso, que, junto con nuestra pol\u00edtica de privacidad rigen la relaci\u00f3n [&hellip;]<\/p>\n","protected":false},"author":1,"featured_media":0,"parent":0,"menu_order":0,"comment_status":"closed","ping_status":"closed","template":"","meta":{"_et_pb_use_builder":"","_et_pb_old_content":"<!-- wp:divi\/placeholder \/-->","_et_gb_content_width":"","_monsterinsights_skip_tracking":false,"_monsterinsights_sitenote_active":false,"_monsterinsights_sitenote_note":"","_monsterinsights_sitenote_category":0,"_joinchat":[],"footnotes":""},"yst_prominent_words":[93],"class_list":["post-7510","page","type-page","status-publish","hentry"],"_links":{"self":[{"href":"https:\/\/hispanic-horizons.org\/es\/wp-json\/wp\/v2\/pages\/7510","targetHints":{"allow":["GET"]}}],"collection":[{"href":"https:\/\/hispanic-horizons.org\/es\/wp-json\/wp\/v2\/pages"}],"about":[{"href":"https:\/\/hispanic-horizons.org\/es\/wp-json\/wp\/v2\/types\/page"}],"author":[{"embeddable":true,"href":"https:\/\/hispanic-horizons.org\/es\/wp-json\/wp\/v2\/users\/1"}],"replies":[{"embeddable":true,"href":"https:\/\/hispanic-horizons.org\/es\/wp-json\/wp\/v2\/comments?post=7510"}],"version-history":[{"count":1,"href":"https:\/\/hispanic-horizons.org\/es\/wp-json\/wp\/v2\/pages\/7510\/revisions"}],"predecessor-version":[{"id":21964,"href":"https:\/\/hispanic-horizons.org\/es\/wp-json\/wp\/v2\/pages\/7510\/revisions\/21964"}],"wp:attachment":[{"href":"https:\/\/hispanic-horizons.org\/es\/wp-json\/wp\/v2\/media?parent=7510"}],"wp:term":[{"taxonomy":"yst_prominent_words","embeddable":true,"href":"https:\/\/hispanic-horizons.org\/es\/wp-json\/wp\/v2\/yst_prominent_words?post=7510"}],"curies":[{"name":"wp","href":"https:\/\/api.w.org\/{rel}","templated":true}]}}