{"id":7519,"date":"2022-02-01T14:27:18","date_gmt":"2022-02-01T08:57:18","guid":{"rendered":"https:\/\/hispanic-horizons.org\/?page_id=7519"},"modified":"2026-04-07T16:06:26","modified_gmt":"2026-04-07T10:36:26","slug":"politica-de-privacidad","status":"publish","type":"page","link":"https:\/\/hispanic-horizons.org\/es\/politica-de-privacidad\/","title":{"rendered":"Pol\u00edtica de Privacidad"},"content":{"rendered":"[et_pb_section fb_built=&#8221;1&#8243; theme_builder_area=&#8221;post_content&#8221; _builder_version=&#8221;4.14.7&#8243; _module_preset=&#8221;default&#8221;][et_pb_row _builder_version=&#8221;4.14.7&#8243; _module_preset=&#8221;default&#8221; theme_builder_area=&#8221;post_content&#8221;][et_pb_column _builder_version=&#8221;4.14.7&#8243; _module_preset=&#8221;default&#8221; type=&#8221;4_4&#8243; theme_builder_area=&#8221;post_content&#8221;][et_pb_text _builder_version=&#8221;4.14.7&#8243; _module_preset=&#8221;default&#8221; theme_builder_area=&#8221;post_content&#8221; hover_enabled=&#8221;0&#8243; sticky_enabled=&#8221;0&#8243;]\n<h4 id=\"tw-target-text\" class=\"tw-data-text tw-text-large tw-ta\" dir=\"ltr\" data-placeholder=\"Traducci\u00f3n\"><span class=\"Y2IQFc\" lang=\"es\">Poli\u0301tica de Privacidad<\/span><\/h4>\n<p class=\"tw-data-text tw-text-large tw-ta\" dir=\"ltr\" data-placeholder=\"Traducci\u00f3n\"><span class=\"Y2IQFc\" lang=\"es\">En Hispanic Horizons, la privacidad de quienes nos visitan, es de suma importancia para nosotros. Este documento de pol\u00edtica de privacidad describe los tipos de informaci\u00f3n personal que Hispanic Horizons recibe y recopila y c\u00f3mo se utiliza. <\/span><\/p>\n<p class=\"tw-data-text tw-text-large tw-ta\" dir=\"ltr\" data-placeholder=\"Traducci\u00f3n\"><strong><span class=\"Y2IQFc\" lang=\"es\">Archivos de registro:<\/span><\/strong><\/p>\n<p class=\"tw-data-text tw-text-large tw-ta\" dir=\"ltr\" data-placeholder=\"Traducci\u00f3n\"><span class=\"Y2IQFc\" lang=\"es\">Como muchos otros sitios web, Hispanic Horizons utiliza archivos de registro. La informaci\u00f3n de los archivos de registro incluye direcciones de protocolo de Internet (IP), tipo de navegador, proveedor de servicios de Internet (ISP), sello de fecha\/hora, p\u00e1ginas de referencia\/salida y n\u00famero de clics para analizar tendencias, administrar el sitio, rastrear el movimiento del usuario en el sitio y recopilar informaci\u00f3n demogr\u00e1fica. Las direcciones IP y otra informaci\u00f3n similar no est\u00e1n vinculadas a ninguna informaci\u00f3n que sea de identificaci\u00f3n personal. <\/span><\/p>\n<p class=\"tw-data-text tw-text-large tw-ta\" dir=\"ltr\" data-placeholder=\"Traducci\u00f3n\"><strong><span class=\"Y2IQFc\" lang=\"es\">Cookies:<\/span><\/strong><\/p>\n<p class=\"tw-data-text tw-text-large tw-ta\" dir=\"ltr\" data-placeholder=\"Traducci\u00f3n\"><span class=\"Y2IQFc\" lang=\"es\">Hispanic Horizons utiliza cookies para almacenar informaci\u00f3n sobre las preferencias de los visitantes, registra informaci\u00f3n espec\u00edfica del usuario acerca de qu\u00e9 p\u00e1ginas visita, personaliza el contenido de la p\u00e1gina web seg\u00fan el tipo de navegador de los usuarios u otra informaci\u00f3n que el usuario env\u00eda a trav\u00e9s de su navegador. <\/span><\/p>\n<p class=\"tw-data-text tw-text-large tw-ta\" dir=\"ltr\" data-placeholder=\"Traducci\u00f3n\"><strong><span class=\"Y2IQFc\" lang=\"es\">DoubleClick DART Google:<\/span><\/strong><\/p>\n<p class=\"tw-data-text tw-text-large tw-ta\" dir=\"ltr\" data-placeholder=\"Traducci\u00f3n\"><span class=\"Y2IQFc\" lang=\"es\">Google, como proveedor externo, utiliza cookies para publicar anuncios en Hispanic Horizons. El uso que hace Google de la cookie DART le permite mostrar anuncios a los usuarios en funci\u00f3n de su visita a nuestra web y a otros sitios en Internet. Los usuarios pueden optar por no utilizar la cookie de DART \u00a0en la siguiente URL: <a href=\"https:\/\/www.google.com\/policies\/privacy\/.\">https:\/\/www.google.com\/policies\/privacy\/. <\/a><\/span><\/p>\n<p class=\"tw-data-text tw-text-large tw-ta\" dir=\"ltr\" data-placeholder=\"Traducci\u00f3n\"><span class=\"Y2IQFc\" lang=\"es\">Hispanic Horizons no tiene acceso ni control sobre estas cookies que utilizan los anunciantes de terceros. Debe consultar las pol\u00edticas de privacidad respectivas de estos servidores de anuncios de terceros para obtener informaci\u00f3n m\u00e1s detallada sobre sus pr\u00e1cticas, as\u00ed como para obtener instrucciones sobre c\u00f3mo excluirse de ciertas pr\u00e1cticas. Hispanic Horizons<\/span><span class=\"Y2IQFc\" lang=\"es\">\u00a0no puede controlar las actividades de otros anunciantes o sitios web. Si desea deshabilitar las cookies, puede hacerlo a trav\u00e9s de las opciones de su navegador individual.\u00a0<\/span><\/p>\n[\/et_pb_text][\/et_pb_column][\/et_pb_row][\/et_pb_section]\n","protected":false},"excerpt":{"rendered":"<p>[et_pb_section fb_built=&#8221;1&#8243; theme_builder_area=&#8221;post_content&#8221; _builder_version=&#8221;4.14.7&#8243; _module_preset=&#8221;default&#8221;][et_pb_row _builder_version=&#8221;4.14.7&#8243; _module_preset=&#8221;default&#8221; theme_builder_area=&#8221;post_content&#8221;][et_pb_column _builder_version=&#8221;4.14.7&#8243; _module_preset=&#8221;default&#8221; type=&#8221;4_4&#8243; theme_builder_area=&#8221;post_content&#8221;][et_pb_text _builder_version=&#8221;4.14.7&#8243; _module_preset=&#8221;default&#8221; theme_builder_area=&#8221;post_content&#8221; hover_enabled=&#8221;0&#8243; sticky_enabled=&#8221;0&#8243;] Poli\u0301tica de Privacidad En Hispanic Horizons, la privacidad de quienes nos visitan, es de suma importancia para nosotros. Este documento de pol\u00edtica de privacidad describe los tipos de informaci\u00f3n personal que Hispanic Horizons recibe y recopila y c\u00f3mo [&hellip;]<\/p>\n","protected":false},"author":1,"featured_media":0,"parent":0,"menu_order":0,"comment_status":"closed","ping_status":"closed","template":"","meta":{"_et_pb_use_builder":"","_et_pb_old_content":"<!-- wp:divi\/placeholder \/-->","_et_gb_content_width":"","_monsterinsights_skip_tracking":false,"_monsterinsights_sitenote_active":false,"_monsterinsights_sitenote_note":"","_monsterinsights_sitenote_category":0,"_joinchat":[],"footnotes":""},"yst_prominent_words":[93],"class_list":["post-7519","page","type-page","status-publish","hentry"],"_links":{"self":[{"href":"https:\/\/hispanic-horizons.org\/es\/wp-json\/wp\/v2\/pages\/7519","targetHints":{"allow":["GET"]}}],"collection":[{"href":"https:\/\/hispanic-horizons.org\/es\/wp-json\/wp\/v2\/pages"}],"about":[{"href":"https:\/\/hispanic-horizons.org\/es\/wp-json\/wp\/v2\/types\/page"}],"author":[{"embeddable":true,"href":"https:\/\/hispanic-horizons.org\/es\/wp-json\/wp\/v2\/users\/1"}],"replies":[{"embeddable":true,"href":"https:\/\/hispanic-horizons.org\/es\/wp-json\/wp\/v2\/comments?post=7519"}],"version-history":[{"count":1,"href":"https:\/\/hispanic-horizons.org\/es\/wp-json\/wp\/v2\/pages\/7519\/revisions"}],"predecessor-version":[{"id":22858,"href":"https:\/\/hispanic-horizons.org\/es\/wp-json\/wp\/v2\/pages\/7519\/revisions\/22858"}],"wp:attachment":[{"href":"https:\/\/hispanic-horizons.org\/es\/wp-json\/wp\/v2\/media?parent=7519"}],"wp:term":[{"taxonomy":"yst_prominent_words","embeddable":true,"href":"https:\/\/hispanic-horizons.org\/es\/wp-json\/wp\/v2\/yst_prominent_words?post=7519"}],"curies":[{"name":"wp","href":"https:\/\/api.w.org\/{rel}","templated":true}]}}