{"id":7526,"date":"2022-02-01T15:00:45","date_gmt":"2022-02-01T09:30:45","guid":{"rendered":"https:\/\/hispanic-horizons.org\/?page_id=7526"},"modified":"2026-04-07T16:03:54","modified_gmt":"2026-04-07T10:33:54","slug":"descargo-de-responsabilidad","status":"publish","type":"page","link":"https:\/\/hispanic-horizons.org\/es\/descargo-de-responsabilidad\/","title":{"rendered":"Descargo de Responsabilidad"},"content":{"rendered":"[et_pb_section fb_built=&#8221;1&#8243; _builder_version=&#8221;4.14.7&#8243; _module_preset=&#8221;default&#8221; global_colors_info=&#8221;{}&#8221;][et_pb_row _builder_version=&#8221;4.14.7&#8243; _module_preset=&#8221;default&#8221; global_colors_info=&#8221;{}&#8221;][et_pb_column type=&#8221;4_4&#8243; _builder_version=&#8221;4.14.7&#8243; _module_preset=&#8221;default&#8221; global_colors_info=&#8221;{}&#8221;][et_pb_text _builder_version=&#8221;4.14.7&#8243; _module_preset=&#8221;default&#8221; hover_enabled=&#8221;0&#8243; global_colors_info=&#8221;{}&#8221; sticky_enabled=&#8221;0&#8243;]\n<p id=\"tw-target-text\" class=\"tw-data-text tw-text-large tw-ta\" dir=\"ltr\" data-placeholder=\"Traducci\u00f3n\">Este sitio ser\u00e1 utilizado a su propio riesgo y cualquier decisi\u00f3n de comprar cursos y\/o servicios como resultado de la informaci\u00f3n obtenida es responsabilidad de cada uno.<\/p>\n<p class=\"tw-data-text tw-text-large tw-ta\" dir=\"ltr\" data-placeholder=\"Traducci\u00f3n\">No asumimos responsabilidad por da\u00f1os ocasionados por el resultado del uso de informaci\u00f3n, recomendaciones o ideas propuestas en este sitio, o el contenido de sitios propuestos a trav\u00e9s de enlaces o referenciados.<\/p>\n<p class=\"tw-data-text tw-text-large tw-ta\" dir=\"ltr\" data-placeholder=\"Traducci\u00f3n\">Se hace todo lo posible para mantener el sitio web en funcionamiento sin problemas. Sin embargo, Hispanic Horizons no se responsabiliza ni ser\u00e1 responsable de que el sitio web no est\u00e9 disponible temporalmente debido a problemas t\u00e9cnicos fuera de nuestro control.<\/p>\n[\/et_pb_text][\/et_pb_column][\/et_pb_row][\/et_pb_section]\n","protected":false},"excerpt":{"rendered":"<p>[et_pb_section fb_built=&#8221;1&#8243; _builder_version=&#8221;4.14.7&#8243; _module_preset=&#8221;default&#8221; global_colors_info=&#8221;{}&#8221;][et_pb_row _builder_version=&#8221;4.14.7&#8243; _module_preset=&#8221;default&#8221; global_colors_info=&#8221;{}&#8221;][et_pb_column type=&#8221;4_4&#8243; _builder_version=&#8221;4.14.7&#8243; _module_preset=&#8221;default&#8221; global_colors_info=&#8221;{}&#8221;][et_pb_text _builder_version=&#8221;4.14.7&#8243; _module_preset=&#8221;default&#8221; hover_enabled=&#8221;0&#8243; global_colors_info=&#8221;{}&#8221; sticky_enabled=&#8221;0&#8243;] Este sitio ser\u00e1 utilizado a su propio riesgo y cualquier decisi\u00f3n de comprar cursos y\/o servicios como resultado de la informaci\u00f3n obtenida es responsabilidad de cada uno. No asumimos responsabilidad por da\u00f1os ocasionados por el resultado del uso [&hellip;]<\/p>\n","protected":false},"author":1,"featured_media":0,"parent":0,"menu_order":0,"comment_status":"closed","ping_status":"closed","template":"","meta":{"_et_pb_use_builder":"","_et_pb_old_content":"<!-- wp:divi\/placeholder \/-->","_et_gb_content_width":"","_monsterinsights_skip_tracking":false,"_monsterinsights_sitenote_active":false,"_monsterinsights_sitenote_note":"","_monsterinsights_sitenote_category":0,"_joinchat":[],"footnotes":""},"yst_prominent_words":[411,414,479],"class_list":["post-7526","page","type-page","status-publish","hentry"],"_links":{"self":[{"href":"https:\/\/hispanic-horizons.org\/es\/wp-json\/wp\/v2\/pages\/7526","targetHints":{"allow":["GET"]}}],"collection":[{"href":"https:\/\/hispanic-horizons.org\/es\/wp-json\/wp\/v2\/pages"}],"about":[{"href":"https:\/\/hispanic-horizons.org\/es\/wp-json\/wp\/v2\/types\/page"}],"author":[{"embeddable":true,"href":"https:\/\/hispanic-horizons.org\/es\/wp-json\/wp\/v2\/users\/1"}],"replies":[{"embeddable":true,"href":"https:\/\/hispanic-horizons.org\/es\/wp-json\/wp\/v2\/comments?post=7526"}],"version-history":[{"count":1,"href":"https:\/\/hispanic-horizons.org\/es\/wp-json\/wp\/v2\/pages\/7526\/revisions"}],"predecessor-version":[{"id":21962,"href":"https:\/\/hispanic-horizons.org\/es\/wp-json\/wp\/v2\/pages\/7526\/revisions\/21962"}],"wp:attachment":[{"href":"https:\/\/hispanic-horizons.org\/es\/wp-json\/wp\/v2\/media?parent=7526"}],"wp:term":[{"taxonomy":"yst_prominent_words","embeddable":true,"href":"https:\/\/hispanic-horizons.org\/es\/wp-json\/wp\/v2\/yst_prominent_words?post=7526"}],"curies":[{"name":"wp","href":"https:\/\/api.w.org\/{rel}","templated":true}]}}