{"id":7530,"date":"2022-02-01T15:04:10","date_gmt":"2022-02-01T09:34:10","guid":{"rendered":"https:\/\/hispanic-horizons.org\/?page_id=7530"},"modified":"2026-04-07T16:05:41","modified_gmt":"2026-04-07T10:35:41","slug":"derechos-de-autor","status":"publish","type":"page","link":"https:\/\/hispanic-horizons.org\/es\/derechos-de-autor\/","title":{"rendered":"Derechos de Autor"},"content":{"rendered":"<p id=\"tw-target-text\" class=\"tw-data-text tw-text-large tw-ta\" dir=\"ltr\" data-placeholder=\"Traducci\u00f3n\"><span class=\"Y2IQFc\" lang=\"es\">Este sitio web y su contenido son propiedad intelectual de Hispanic Horizons &#8211; \u00a9Hispanic Horizons 2022. Todos los derechos reservados.<\/span><\/p>\n<p class=\"tw-data-text tw-text-large tw-ta\" dir=\"ltr\" data-placeholder=\"Traducci\u00f3n\"><span class=\"Y2IQFc\" lang=\"es\">Se proh\u00edbe cualquier redistribuci\u00f3n o reproducci\u00f3n de parte o la totalidad del contenido en cualquier forma que no sea la siguiente: <\/span><\/p>\n<p class=\"tw-data-text tw-text-large tw-ta\" dir=\"ltr\" data-placeholder=\"Traducci\u00f3n\"><span class=\"Y2IQFc\" lang=\"es\">-Puede imprimir o descargar a un disco duro local extractos solo para su uso personal y no comercial.<\/span><\/p>\n<p class=\"tw-data-text tw-text-large tw-ta\" dir=\"ltr\" data-placeholder=\"Traducci\u00f3n\"><span class=\"Y2IQFc\" lang=\"es\">-Puede copiar el contenido a terceros individuales para su uso personal, pero solo si reconoce el sitio web como la fuente del material <\/span><\/p>\n<p class=\"tw-data-text tw-text-large tw-ta\" dir=\"ltr\" data-placeholder=\"Traducci\u00f3n\"><span class=\"Y2IQFc\" lang=\"es\">No puede, excepto con nuestro permiso expreso por escrito, distribuir o explotar comercialmente el contenido. Tampoco puede transmitirlo o almacenarlo en ning\u00fan otro sitio web u otra forma de sistema de recuperaci\u00f3n electr\u00f3nica.<\/span><\/p>\n","protected":false},"excerpt":{"rendered":"<p>Este sitio web y su contenido son propiedad intelectual de Hispanic Horizons &#8211; \u00a9Hispanic Horizons 2022. Todos los derechos reservados. Se proh\u00edbe cualquier redistribuci\u00f3n o reproducci\u00f3n de parte o la totalidad del contenido en cualquier forma que no sea la siguiente: -Puede imprimir o descargar a un disco duro local extractos solo para su uso [&hellip;]<\/p>\n","protected":false},"author":1,"featured_media":0,"parent":0,"menu_order":0,"comment_status":"closed","ping_status":"closed","template":"","meta":{"_et_pb_use_builder":"off","_et_pb_old_content":"[et_pb_section fb_built=\"1\" theme_builder_area=\"post_content\" _builder_version=\"4.14.7\" _module_preset=\"default\"][et_pb_row _builder_version=\"4.14.7\" _module_preset=\"default\" theme_builder_area=\"post_content\"][et_pb_column _builder_version=\"4.14.7\" _module_preset=\"default\" type=\"4_4\" theme_builder_area=\"post_content\"][et_pb_text _builder_version=\"4.14.7\" _module_preset=\"default\" theme_builder_area=\"post_content\" hover_enabled=\"0\" sticky_enabled=\"0\"]\r\n<h4>Derechos de Autor<\/h4>\r\n<p class=\"tw-data-text tw-text-large tw-ta\" data-placeholder=\"Traducci\u00f3n\" id=\"tw-target-text\" dir=\"ltr\"><span class=\"Y2IQFc\" lang=\"es\">Este sitio web y su contenido son propiedad intelectual de Hispanic Horizons - \u00a9Hispanic Horizons 2022. Todos los derechos reservados.<\/span><\/p>\r\n<p class=\"tw-data-text tw-text-large tw-ta\" data-placeholder=\"Traducci\u00f3n\" dir=\"ltr\"><span class=\"Y2IQFc\" lang=\"es\">Se proh\u00edbe cualquier redistribuci\u00f3n o reproducci\u00f3n de parte o la totalidad del contenido en cualquier forma que no sea la siguiente: <\/span><\/p>\r\n<p class=\"tw-data-text tw-text-large tw-ta\" data-placeholder=\"Traducci\u00f3n\" dir=\"ltr\"><span class=\"Y2IQFc\" lang=\"es\">-Puede imprimir o descargar a un disco duro local extractos solo para su uso personal y no comercial.<\/span><\/p>\r\n<p class=\"tw-data-text tw-text-large tw-ta\" data-placeholder=\"Traducci\u00f3n\" dir=\"ltr\"><span class=\"Y2IQFc\" lang=\"es\">-Puede copiar el contenido a terceros individuales para su uso personal, pero solo si reconoce el sitio web como la fuente del material <\/span><\/p>\r\n<p class=\"tw-data-text tw-text-large tw-ta\" data-placeholder=\"Traducci\u00f3n\" dir=\"ltr\"><span class=\"Y2IQFc\" lang=\"es\">No puede, excepto con nuestro permiso expreso por escrito, distribuir o explotar comercialmente el contenido. Tampoco puede transmitirlo o almacenarlo en ning\u00fan otro sitio web u otra forma de sistema de recuperaci\u00f3n electr\u00f3nica.<\/span><\/p>\r\n[\/et_pb_text][\/et_pb_column][\/et_pb_row][\/et_pb_section]","_et_gb_content_width":"","_monsterinsights_skip_tracking":false,"_monsterinsights_sitenote_active":false,"_monsterinsights_sitenote_note":"","_monsterinsights_sitenote_category":0,"_joinchat":[],"footnotes":""},"yst_prominent_words":[411,414,443,479],"class_list":["post-7530","page","type-page","status-publish","hentry"],"_links":{"self":[{"href":"https:\/\/hispanic-horizons.org\/es\/wp-json\/wp\/v2\/pages\/7530","targetHints":{"allow":["GET"]}}],"collection":[{"href":"https:\/\/hispanic-horizons.org\/es\/wp-json\/wp\/v2\/pages"}],"about":[{"href":"https:\/\/hispanic-horizons.org\/es\/wp-json\/wp\/v2\/types\/page"}],"author":[{"embeddable":true,"href":"https:\/\/hispanic-horizons.org\/es\/wp-json\/wp\/v2\/users\/1"}],"replies":[{"embeddable":true,"href":"https:\/\/hispanic-horizons.org\/es\/wp-json\/wp\/v2\/comments?post=7530"}],"version-history":[{"count":1,"href":"https:\/\/hispanic-horizons.org\/es\/wp-json\/wp\/v2\/pages\/7530\/revisions"}],"predecessor-version":[{"id":21963,"href":"https:\/\/hispanic-horizons.org\/es\/wp-json\/wp\/v2\/pages\/7530\/revisions\/21963"}],"wp:attachment":[{"href":"https:\/\/hispanic-horizons.org\/es\/wp-json\/wp\/v2\/media?parent=7530"}],"wp:term":[{"taxonomy":"yst_prominent_words","embeddable":true,"href":"https:\/\/hispanic-horizons.org\/es\/wp-json\/wp\/v2\/yst_prominent_words?post=7530"}],"curies":[{"name":"wp","href":"https:\/\/api.w.org\/{rel}","templated":true}]}}